{"id":1809,"date":"2023-08-30T09:53:25","date_gmt":"2023-08-30T09:53:25","guid":{"rendered":"https:\/\/www.iotfenster.com\/?page_id=1809"},"modified":"2023-08-30T09:53:29","modified_gmt":"2023-08-30T09:53:29","slug":"app-datadeletion","status":"publish","type":"page","link":"https:\/\/www.iotfenster.com\/en\/app-datadeletion\/","title":{"rendered":"Eliminaci\u00f3n de cuenta y datos asociados para MySmartWindow"},"content":{"rendered":"<div data-elementor-type=\"wp-page\" data-elementor-id=\"1809\" class=\"elementor elementor-1809\" data-elementor-post-type=\"page\">\n\t\t\t\t\t\t<section class=\"elementor-section elementor-top-section elementor-element elementor-element-1ddbe799 elementor-section-height-min-height elementor-section-full_width elementor-section-content-bottom elementor-section-height-default elementor-section-items-middle\" data-id=\"1ddbe799\" data-element_type=\"section\" data-e-type=\"section\" data-settings=\"{&quot;background_background&quot;:&quot;classic&quot;}\">\n\t\t\t\t\t\t<div class=\"elementor-container elementor-column-gap-no\">\n\t\t\t\t\t<div class=\"elementor-column elementor-col-100 elementor-top-column elementor-element elementor-element-ebd9d4e\" data-id=\"ebd9d4e\" data-element_type=\"column\" data-e-type=\"column\">\n\t\t\t<div class=\"elementor-widget-wrap elementor-element-populated\">\n\t\t\t\t\t\t<div class=\"elementor-element elementor-element-4474fe06 elementor-invisible elementor-widget elementor-widget-heading\" data-id=\"4474fe06\" data-element_type=\"widget\" data-e-type=\"widget\" data-settings=\"{&quot;_animation&quot;:&quot;fadeInDown&quot;}\" data-widget_type=\"heading.default\">\n\t\t\t\t\t<h1 class=\"elementor-heading-title elementor-size-default\">Eliminaci\u00f3n de cuenta y datos asociados para MySmartWindow\n<\/h1>\t\t\t\t<\/div>\n\t\t\t\t\t<\/div>\n\t\t<\/div>\n\t\t\t\t\t<\/div>\n\t\t<\/section>\n\t\t\t\t<section class=\"elementor-section elementor-top-section elementor-element elementor-element-e5385e6 elementor-section-boxed elementor-section-height-default elementor-section-height-default\" data-id=\"e5385e6\" data-element_type=\"section\" data-e-type=\"section\">\n\t\t\t\t\t\t<div class=\"elementor-container elementor-column-gap-default\">\n\t\t\t\t\t<div class=\"elementor-column elementor-col-100 elementor-top-column elementor-element elementor-element-72d1571\" data-id=\"72d1571\" data-element_type=\"column\" data-e-type=\"column\">\n\t\t\t<div class=\"elementor-widget-wrap elementor-element-populated\">\n\t\t\t\t\t\t<div class=\"elementor-element elementor-element-1a6afc6 elementor-widget elementor-widget-spacer\" data-id=\"1a6afc6\" data-element_type=\"widget\" data-e-type=\"widget\" data-widget_type=\"spacer.default\">\n\t\t\t\t\t\t\t<div class=\"elementor-spacer\">\n\t\t\t<div class=\"elementor-spacer-inner\"><\/div>\n\t\t<\/div>\n\t\t\t\t\t\t<\/div>\n\t\t\t\t<div class=\"elementor-element elementor-element-983ef7a elementor-widget elementor-widget-text-editor\" data-id=\"983ef7a\" data-element_type=\"widget\" data-e-type=\"widget\" data-widget_type=\"text-editor.default\">\n\t\t\t\t\t\t\t\t\t<h3>Eliminaci\u00f3n v\u00eda correo electr\u00f3nico<\/h3><p>Usted como usuario registrado de la aplicaci\u00f3n MySmartWindow, puede contactar con nosotros a trav\u00e9s del correo soporte@iotfenster.com solicitando la eliminaci\u00f3n de su cuenta y datos asociados, debiendo indicar \u00fanicamente su identificador de usuario (el correo electr\u00f3nico que introdujo en la fase de registro) para que podamos realizar todo el proceso.<\/p><p>\u00a0<\/p><h3>Eliminaci\u00f3n v\u00eda aplicaci\u00f3n MySmartWindow<\/h3><p>Usted debe entrar en la aplicaci\u00f3n, acredit\u00e1ndose con su usuario y contrase\u00f1a.<br \/>Una vez se encuentre en la pantalla principal (CAPTURA 1), debe pulsar en el men\u00fa de tres puntos de la esquina superior derecha, y posteriormente pulsar en la opci\u00f3n \u00abeliminar usuario\u00bb del men\u00fa contextual emergente (CAPTURA 2).<\/p><p>\u00a0<\/p><p>De esta manera se conseguir\u00e1 eliminar la cuenta y datos de su usuario actuales.<\/p><p>En cualquier caso puede contactar con nosotros en <strong>soporte@iotfenster.com<\/strong><\/p>\t\t\t\t\t\t\t\t<\/div>\n\t\t\t\t<div class=\"elementor-element elementor-element-ac02b9e elementor-widget elementor-widget-spacer\" data-id=\"ac02b9e\" data-element_type=\"widget\" data-e-type=\"widget\" data-widget_type=\"spacer.default\">\n\t\t\t\t\t\t\t<div class=\"elementor-spacer\">\n\t\t\t<div class=\"elementor-spacer-inner\"><\/div>\n\t\t<\/div>\n\t\t\t\t\t\t<\/div>\n\t\t\t\t\t<\/div>\n\t\t<\/div>\n\t\t\t\t\t<\/div>\n\t\t<\/section>\n\t\t\t\t<section class=\"elementor-section elementor-top-section elementor-element elementor-element-0262f98 elementor-section-boxed elementor-section-height-default elementor-section-height-default\" data-id=\"0262f98\" data-element_type=\"section\" data-e-type=\"section\">\n\t\t\t\t\t\t<div class=\"elementor-container elementor-column-gap-default\">\n\t\t\t\t\t<div class=\"elementor-column elementor-col-50 elementor-top-column elementor-element elementor-element-48527be\" data-id=\"48527be\" data-element_type=\"column\" data-e-type=\"column\">\n\t\t\t<div class=\"elementor-widget-wrap elementor-element-populated\">\n\t\t\t\t\t\t<div class=\"elementor-element elementor-element-1a66157 elementor-widget elementor-widget-image\" data-id=\"1a66157\" data-element_type=\"widget\" data-e-type=\"widget\" data-widget_type=\"image.default\">\n\t\t\t\t\t\t\t\t\t\t\t\t<figure class=\"wp-caption\">\n\t\t\t\t\t\t\t\t\t\t<img fetchpriority=\"high\" decoding=\"async\" width=\"768\" height=\"1505\" src=\"https:\/\/www.iotfenster.com\/wp-content\/uploads\/2023\/08\/Captura_1_datadeletion-e1693388190453-768x1505.png\" class=\"attachment-medium_large size-medium_large wp-image-1810\" alt=\"\" srcset=\"https:\/\/www.iotfenster.com\/wp-content\/uploads\/2023\/08\/Captura_1_datadeletion-e1693388190453-768x1505.png 768w, https:\/\/www.iotfenster.com\/wp-content\/uploads\/2023\/08\/Captura_1_datadeletion-e1693388190453-600x1176.png 600w, https:\/\/www.iotfenster.com\/wp-content\/uploads\/2023\/08\/Captura_1_datadeletion-e1693388190453-153x300.png 153w, https:\/\/www.iotfenster.com\/wp-content\/uploads\/2023\/08\/Captura_1_datadeletion-e1693388190453-522x1024.png 522w, https:\/\/www.iotfenster.com\/wp-content\/uploads\/2023\/08\/Captura_1_datadeletion-e1693388190453-784x1536.png 784w, https:\/\/www.iotfenster.com\/wp-content\/uploads\/2023\/08\/Captura_1_datadeletion-e1693388190453-1045x2048.png 1045w, https:\/\/www.iotfenster.com\/wp-content\/uploads\/2023\/08\/Captura_1_datadeletion-e1693388190453.png 1076w\" sizes=\"(max-width: 768px) 100vw, 768px\" \/>\t\t\t\t\t\t\t\t\t\t\t<figcaption class=\"widget-image-caption wp-caption-text\">CAPTURA 1<\/figcaption>\n\t\t\t\t\t\t\t\t\t\t<\/figure>\n\t\t\t\t\t\t\t\t\t<\/div>\n\t\t\t\t\t<\/div>\n\t\t<\/div>\n\t\t\t\t<div class=\"elementor-column elementor-col-50 elementor-top-column elementor-element elementor-element-dcc591b\" data-id=\"dcc591b\" data-element_type=\"column\" data-e-type=\"column\">\n\t\t\t<div class=\"elementor-widget-wrap elementor-element-populated\">\n\t\t\t\t\t\t<div class=\"elementor-element elementor-element-66635d7 elementor-widget elementor-widget-image\" data-id=\"66635d7\" data-element_type=\"widget\" data-e-type=\"widget\" data-widget_type=\"image.default\">\n\t\t\t\t\t\t\t\t\t\t\t\t<figure class=\"wp-caption\">\n\t\t\t\t\t\t\t\t\t\t<img decoding=\"async\" width=\"1080\" height=\"2121\" src=\"https:\/\/www.iotfenster.com\/wp-content\/uploads\/2023\/08\/Captura_2_datadeletion-e1693388519338.png\" class=\"attachment-full size-full wp-image-1811\" alt=\"\" srcset=\"https:\/\/www.iotfenster.com\/wp-content\/uploads\/2023\/08\/Captura_2_datadeletion-e1693388519338.png 1080w, https:\/\/www.iotfenster.com\/wp-content\/uploads\/2023\/08\/Captura_2_datadeletion-e1693388519338-600x1178.png 600w, https:\/\/www.iotfenster.com\/wp-content\/uploads\/2023\/08\/Captura_2_datadeletion-e1693388519338-153x300.png 153w, https:\/\/www.iotfenster.com\/wp-content\/uploads\/2023\/08\/Captura_2_datadeletion-e1693388519338-521x1024.png 521w, https:\/\/www.iotfenster.com\/wp-content\/uploads\/2023\/08\/Captura_2_datadeletion-e1693388519338-768x1508.png 768w, https:\/\/www.iotfenster.com\/wp-content\/uploads\/2023\/08\/Captura_2_datadeletion-e1693388519338-782x1536.png 782w, https:\/\/www.iotfenster.com\/wp-content\/uploads\/2023\/08\/Captura_2_datadeletion-e1693388519338-1043x2048.png 1043w\" sizes=\"(max-width: 1080px) 100vw, 1080px\" \/>\t\t\t\t\t\t\t\t\t\t\t<figcaption class=\"widget-image-caption wp-caption-text\">CAPTURA 2<\/figcaption>\n\t\t\t\t\t\t\t\t\t\t<\/figure>\n\t\t\t\t\t\t\t\t\t<\/div>\n\t\t\t\t\t<\/div>\n\t\t<\/div>\n\t\t\t\t\t<\/div>\n\t\t<\/section>\n\t\t\t\t<\/div>","protected":false},"excerpt":{"rendered":"<p>Eliminaci\u00f3n de cuenta y datos asociados para MySmartWindow Eliminaci\u00f3n v\u00eda correo electr\u00f3nico Usted como usuario registrado de la aplicaci\u00f3n MySmartWindow, puede contactar con nosotros a trav\u00e9s del correo soporte@iotfenster.com solicitando la eliminaci\u00f3n de su cuenta y datos asociados, debiendo indicar \u00fanicamente su identificador de usuario (el correo electr\u00f3nico que introdujo en la fase de registro) [&hellip;]<\/p>\n","protected":false},"author":1,"featured_media":0,"parent":0,"menu_order":0,"comment_status":"closed","ping_status":"closed","template":"elementor_header_footer","meta":{"iawp_total_views":62,"footnotes":""},"class_list":["post-1809","page","type-page","status-publish","hentry"],"_links":{"self":[{"href":"https:\/\/www.iotfenster.com\/en\/wp-json\/wp\/v2\/pages\/1809","targetHints":{"allow":["GET"]}}],"collection":[{"href":"https:\/\/www.iotfenster.com\/en\/wp-json\/wp\/v2\/pages"}],"about":[{"href":"https:\/\/www.iotfenster.com\/en\/wp-json\/wp\/v2\/types\/page"}],"author":[{"embeddable":true,"href":"https:\/\/www.iotfenster.com\/en\/wp-json\/wp\/v2\/users\/1"}],"replies":[{"embeddable":true,"href":"https:\/\/www.iotfenster.com\/en\/wp-json\/wp\/v2\/comments?post=1809"}],"version-history":[{"count":12,"href":"https:\/\/www.iotfenster.com\/en\/wp-json\/wp\/v2\/pages\/1809\/revisions"}],"predecessor-version":[{"id":3976,"href":"https:\/\/www.iotfenster.com\/en\/wp-json\/wp\/v2\/pages\/1809\/revisions\/3976"}],"wp:attachment":[{"href":"https:\/\/www.iotfenster.com\/en\/wp-json\/wp\/v2\/media?parent=1809"}],"curies":[{"name":"wp","href":"https:\/\/api.w.org\/{rel}","templated":true}]}}